{"id":9,"date":"2024-05-06T10:34:42","date_gmt":"2024-05-06T10:34:42","guid":{"rendered":"https:\/\/konakkkk.foodini.me\/?page_id=9"},"modified":"2024-06-27T08:32:03","modified_gmt":"2024-06-27T08:32:03","slug":"home","status":"publish","type":"page","link":"https:\/\/sonifish.org\/en\/","title":{"rendered":"Home"},"content":{"rendered":"<div data-elementor-type=\"wp-page\" data-elementor-id=\"9\" class=\"elementor elementor-9\" data-elementor-post-type=\"page\">\n\t\t\t\t<div class=\"elementor-element elementor-element-453511c e-flex e-con-boxed e-con e-parent\" data-id=\"453511c\" data-element_type=\"container\" data-settings=\"{&quot;background_background&quot;:&quot;classic&quot;}\">\n\t\t\t\t\t<div class=\"e-con-inner\">\n\t\t\t\t<div class=\"elementor-element elementor-element-4368641 elementor-widget elementor-widget-image\" data-id=\"4368641\" data-element_type=\"widget\" data-widget_type=\"image.default\">\n\t\t\t\t<div class=\"elementor-widget-container\">\n\t\t\t\t\t\t\t\t\t\t\t\t\t\t\t\t<a href=\"https:\/\/sonifish.org\/en\">\n\t\t\t\t\t\t\t<img fetchpriority=\"high\" decoding=\"async\" width=\"341\" height=\"263\" src=\"https:\/\/sonifish.org\/wp-content\/uploads\/2024\/05\/LOGO-FOOTER.svg\" class=\"attachment-full size-full wp-image-254\" alt=\"\" \/>\t\t\t\t\t\t\t\t<\/a>\n\t\t\t\t\t\t\t\t\t\t\t\t\t\t\t<\/div>\n\t\t\t\t<\/div>\n\t\t\t\t<div class=\"elementor-element elementor-element-370eae3 elementor-widget elementor-widget-heading\" data-id=\"370eae3\" data-element_type=\"widget\" data-widget_type=\"heading.default\">\n\t\t\t\t<div class=\"elementor-widget-container\">\n\t\t\t\t\t<h2 class=\"elementor-heading-title elementor-size-default\">Dive into our world<br>where quality meets taste<\/h2>\t\t\t\t<\/div>\n\t\t\t\t<\/div>\n\t\t\t\t<div class=\"elementor-element elementor-element-f6ebd5e elementor-hidden-desktop elementor-hidden-tablet elementor-view-default elementor-widget elementor-widget-icon\" data-id=\"f6ebd5e\" data-element_type=\"widget\" data-widget_type=\"icon.default\">\n\t\t\t\t<div class=\"elementor-widget-container\">\n\t\t\t\t\t\t\t<div class=\"elementor-icon-wrapper\">\n\t\t\t<div class=\"elementor-icon\">\n\t\t\t<svg aria-hidden=\"true\" class=\"e-font-icon-svg e-fas-angle-double-down\" viewbox=\"0 0 320 512\" xmlns=\"http:\/\/www.w3.org\/2000\/svg\"><path d=\"M143 256.3L7 120.3c-9.4-9.4-9.4-24.6 0-33.9l22.6-22.6c9.4-9.4 24.6-9.4 33.9 0l96.4 96.4 96.4-96.4c9.4-9.4 24.6-9.4 33.9 0L313 86.3c9.4 9.4 9.4 24.6 0 33.9l-136 136c-9.4 9.5-24.6 9.5-34 .1zm34 192l136-136c9.4-9.4 9.4-24.6 0-33.9l-22.6-22.6c-9.4-9.4-24.6-9.4-33.9 0L160 352.1l-96.4-96.4c-9.4-9.4-24.6-9.4-33.9 0L7 278.3c-9.4 9.4-9.4 24.6 0 33.9l136 136c9.4 9.5 24.6 9.5 34 .1z\"><\/path><\/svg>\t\t\t<\/div>\n\t\t<\/div>\n\t\t\t\t\t\t<\/div>\n\t\t\t\t<\/div>\n\t\t\t\t\t<\/div>\n\t\t\t\t<\/div>\n\t\t<div class=\"elementor-element elementor-element-4c04d2f e-flex e-con-boxed e-con e-parent\" data-id=\"4c04d2f\" data-element_type=\"container\" id=\"about\" data-settings=\"{&quot;background_background&quot;:&quot;classic&quot;}\">\n\t\t\t\t\t<div class=\"e-con-inner\">\n\t\t<div class=\"elementor-element elementor-element-5152ad8 e-con-full e-flex e-con e-child\" data-id=\"5152ad8\" data-element_type=\"container\">\n\t\t<div class=\"elementor-element elementor-element-0842f5d e-con-full e-flex e-con e-child\" data-id=\"0842f5d\" data-element_type=\"container\">\n\t\t\t\t<div class=\"elementor-element elementor-element-e667624 elementor-widget elementor-widget-heading\" data-id=\"e667624\" data-element_type=\"widget\" data-widget_type=\"heading.default\">\n\t\t\t\t<div class=\"elementor-widget-container\">\n\t\t\t\t\t<h2 class=\"elementor-heading-title elementor-size-default\">About Us<\/h2>\t\t\t\t<\/div>\n\t\t\t\t<\/div>\n\t\t\t\t<div class=\"elementor-element elementor-element-d8b4034 elementor-widget__width-initial elementor-widget elementor-widget-text-editor\" data-id=\"d8b4034\" data-element_type=\"widget\" data-widget_type=\"text-editor.default\">\n\t\t\t\t<div class=\"elementor-widget-container\">\n\t\t\t\t\t\t\t\t\t<p>Welcome to Soni Fish, your premier source for the freshest seafood in Tirana since 1995. Dive into our world where quality meets tradition, and discover a wide variety of the finest fish,\nshellfish, and more, all sourced with care for sustainability and flavor. <br \/><br \/>Founded in 1995, Soni Fish has been at the heart of Tirana's seafood scene for over two decades. We pride ourselves on  offering a diverse selection of the highest quality seafood, brought to you by skilled fishermen and curated by experts. Our commitment to freshness and sustainability makes us a trusted choice among culinary professionals and seafood lovers alike.<\/p>\t\t\t\t\t\t\t\t<\/div>\n\t\t\t\t<\/div>\n\t\t\t\t<\/div>\n\t\t<div class=\"elementor-element elementor-element-45f53c5 e-con-full e-flex e-con e-child\" data-id=\"45f53c5\" data-element_type=\"container\">\n\t\t\t\t<div class=\"elementor-element elementor-element-2d2829b elementor-widget elementor-widget-image\" data-id=\"2d2829b\" data-element_type=\"widget\" data-widget_type=\"image.default\">\n\t\t\t\t<div class=\"elementor-widget-container\">\n\t\t\t\t\t\t\t\t\t\t\t\t\t\t\t<img decoding=\"async\" width=\"596\" height=\"404\" src=\"https:\/\/sonifish.org\/wp-content\/uploads\/2024\/05\/image-right.jpg\" class=\"attachment-full size-full wp-image-239\" alt=\"\" srcset=\"https:\/\/sonifish.org\/wp-content\/uploads\/2024\/05\/image-right.jpg 596w, https:\/\/sonifish.org\/wp-content\/uploads\/2024\/05\/image-right-300x203.jpg 300w, https:\/\/sonifish.org\/wp-content\/uploads\/2024\/05\/image-right-18x12.jpg 18w\" sizes=\"(max-width: 596px) 100vw, 596px\" \/>\t\t\t\t\t\t\t\t\t\t\t\t\t\t\t<\/div>\n\t\t\t\t<\/div>\n\t\t\t\t<\/div>\n\t\t\t\t<\/div>\n\t\t\t\t\t<\/div>\n\t\t\t\t<\/div>\n\t\t<div class=\"elementor-element elementor-element-a687198 e-flex e-con-boxed e-con e-parent\" data-id=\"a687198\" data-element_type=\"container\" data-settings=\"{&quot;background_background&quot;:&quot;classic&quot;}\">\n\t\t\t\t\t<div class=\"e-con-inner\">\n\t\t\t\t<div class=\"elementor-element elementor-element-62d5f12 elementor-widget elementor-widget-heading\" data-id=\"62d5f12\" data-element_type=\"widget\" data-widget_type=\"heading.default\">\n\t\t\t\t<div class=\"elementor-widget-container\">\n\t\t\t\t\t<h2 class=\"elementor-heading-title elementor-size-default\">Our Fresh Seafood Selection<\/h2>\t\t\t\t<\/div>\n\t\t\t\t<\/div>\n\t\t\t\t<div class=\"elementor-element elementor-element-944b572 elementor-widget elementor-widget-text-editor\" data-id=\"944b572\" data-element_type=\"widget\" data-widget_type=\"text-editor.default\">\n\t\t\t\t<div class=\"elementor-widget-container\">\n\t\t\t\t\t\t\t\t\t<p>At Soni Fish, we offer a wide variety of the freshest seafood, carefully selected to  meet our high standards. Explore our diverse range of products. Each product is sourced with care and delivered fresh to ensure you get the best  quality seafood every time. Dive into our selection and taste the difference at Soni Fish.<\/p>\t\t\t\t\t\t\t\t<\/div>\n\t\t\t\t<\/div>\n\t\t\t\t<div class=\"elementor-element elementor-element-311e2c4 elementor-widget elementor-widget-spacer\" data-id=\"311e2c4\" data-element_type=\"widget\" data-widget_type=\"spacer.default\">\n\t\t\t\t<div class=\"elementor-widget-container\">\n\t\t\t\t\t\t\t<div class=\"elementor-spacer\">\n\t\t\t<div class=\"elementor-spacer-inner\"><\/div>\n\t\t<\/div>\n\t\t\t\t\t\t<\/div>\n\t\t\t\t<\/div>\n\t\t\t\t<div class=\"elementor-element elementor-element-8dc762e elementor-hidden-mobile elementor-widget-divider--view-line elementor-widget elementor-widget-divider\" data-id=\"8dc762e\" data-element_type=\"widget\" data-widget_type=\"divider.default\">\n\t\t\t\t<div class=\"elementor-widget-container\">\n\t\t\t\t\t\t\t<div class=\"elementor-divider\">\n\t\t\t<span class=\"elementor-divider-separator\">\n\t\t\t\t\t\t<\/span>\n\t\t<\/div>\n\t\t\t\t\t\t<\/div>\n\t\t\t\t<\/div>\n\t\t<div class=\"elementor-element elementor-element-c5f2e5c e-con-full e-flex e-con e-child\" data-id=\"c5f2e5c\" data-element_type=\"container\">\n\t\t\t\t<div class=\"elementor-element elementor-element-205f7c0 elementor-widget__width-initial elementor-widget-mobile__width-inherit elementor-position-top elementor-widget elementor-widget-image-box\" data-id=\"205f7c0\" data-element_type=\"widget\" data-widget_type=\"image-box.default\">\n\t\t\t\t<div class=\"elementor-widget-container\">\n\t\t\t\t\t<div class=\"elementor-image-box-wrapper\"><figure class=\"elementor-image-box-img\"><img decoding=\"async\" width=\"107\" height=\"55\" src=\"https:\/\/sonifish.org\/wp-content\/uploads\/2024\/05\/imageboxes-5.png\" class=\"attachment-full size-full wp-image-244\" alt=\"\" srcset=\"https:\/\/sonifish.org\/wp-content\/uploads\/2024\/05\/imageboxes-5.png 107w, https:\/\/sonifish.org\/wp-content\/uploads\/2024\/05\/imageboxes-5-18x9.png 18w\" sizes=\"(max-width: 107px) 100vw, 107px\" \/><\/figure><div class=\"elementor-image-box-content\"><h3 class=\"elementor-image-box-title\">Fish<\/h3><p class=\"elementor-image-box-description\">From local favorites varieties, our fish selection is always fresh and flavorful.<\/p><\/div><\/div>\t\t\t\t<\/div>\n\t\t\t\t<\/div>\n\t\t\t\t<div class=\"elementor-element elementor-element-c43578d elementor-widget__width-initial elementor-widget-mobile__width-inherit elementor-position-top elementor-widget elementor-widget-image-box\" data-id=\"c43578d\" data-element_type=\"widget\" data-widget_type=\"image-box.default\">\n\t\t\t\t<div class=\"elementor-widget-container\">\n\t\t\t\t\t<div class=\"elementor-image-box-wrapper\"><figure class=\"elementor-image-box-img\"><img loading=\"lazy\" decoding=\"async\" width=\"78\" height=\"63\" src=\"https:\/\/sonifish.org\/wp-content\/uploads\/2024\/05\/imageboxes-2.png\" class=\"attachment-full size-full wp-image-241\" alt=\"\" srcset=\"https:\/\/sonifish.org\/wp-content\/uploads\/2024\/05\/imageboxes-2.png 78w, https:\/\/sonifish.org\/wp-content\/uploads\/2024\/05\/imageboxes-2-15x12.png 15w\" sizes=\"(max-width: 78px) 100vw, 78px\" \/><\/figure><div class=\"elementor-image-box-content\"><h3 class=\"elementor-image-box-title\">mussels<\/h3><p class=\"elementor-image-box-description\">Enjoy the rich taste of our \npremium mussels, perfect\nfor any dish.<\/p><\/div><\/div>\t\t\t\t<\/div>\n\t\t\t\t<\/div>\n\t\t\t\t<div class=\"elementor-element elementor-element-ecf9763 elementor-widget__width-initial elementor-widget-mobile__width-inherit elementor-position-top elementor-widget elementor-widget-image-box\" data-id=\"ecf9763\" data-element_type=\"widget\" data-widget_type=\"image-box.default\">\n\t\t\t\t<div class=\"elementor-widget-container\">\n\t\t\t\t\t<div class=\"elementor-image-box-wrapper\"><figure class=\"elementor-image-box-img\"><img loading=\"lazy\" decoding=\"async\" width=\"112\" height=\"50\" src=\"https:\/\/sonifish.org\/wp-content\/uploads\/2024\/05\/imageboxes-1.png\" class=\"attachment-full size-full wp-image-240\" alt=\"\" srcset=\"https:\/\/sonifish.org\/wp-content\/uploads\/2024\/05\/imageboxes-1.png 112w, https:\/\/sonifish.org\/wp-content\/uploads\/2024\/05\/imageboxes-1-18x8.png 18w\" sizes=\"(max-width: 112px) 100vw, 112px\" \/><\/figure><div class=\"elementor-image-box-content\"><h3 class=\"elementor-image-box-title\">shrimp<\/h3><p class=\"elementor-image-box-description\">Our succulent shrimp are a\nversatile choice for many\nrecipes.<\/p><\/div><\/div>\t\t\t\t<\/div>\n\t\t\t\t<\/div>\n\t\t\t\t<div class=\"elementor-element elementor-element-82a26bb elementor-widget__width-initial elementor-widget-mobile__width-inherit elementor-position-top elementor-widget elementor-widget-image-box\" data-id=\"82a26bb\" data-element_type=\"widget\" data-widget_type=\"image-box.default\">\n\t\t\t\t<div class=\"elementor-widget-container\">\n\t\t\t\t\t<div class=\"elementor-image-box-wrapper\"><figure class=\"elementor-image-box-img\"><img loading=\"lazy\" decoding=\"async\" width=\"95\" height=\"82\" src=\"https:\/\/sonifish.org\/wp-content\/uploads\/2024\/05\/imageboxes-3.png\" class=\"attachment-full size-full wp-image-242\" alt=\"\" srcset=\"https:\/\/sonifish.org\/wp-content\/uploads\/2024\/05\/imageboxes-3.png 95w, https:\/\/sonifish.org\/wp-content\/uploads\/2024\/05\/imageboxes-3-14x12.png 14w\" sizes=\"(max-width: 95px) 100vw, 95px\" \/><\/figure><div class=\"elementor-image-box-content\"><h3 class=\"elementor-image-box-title\">squid<\/h3><p class=\"elementor-image-box-description\">Tender and delicious, our\nsquid is a must-try for\nseafood lovers.<\/p><\/div><\/div>\t\t\t\t<\/div>\n\t\t\t\t<\/div>\n\t\t\t\t<\/div>\n\t\t\t\t<div class=\"elementor-element elementor-element-98a7ee6 elementor-hidden-mobile elementor-widget-divider--view-line elementor-widget elementor-widget-divider\" data-id=\"98a7ee6\" data-element_type=\"widget\" data-widget_type=\"divider.default\">\n\t\t\t\t<div class=\"elementor-widget-container\">\n\t\t\t\t\t\t\t<div class=\"elementor-divider\">\n\t\t\t<span class=\"elementor-divider-separator\">\n\t\t\t\t\t\t<\/span>\n\t\t<\/div>\n\t\t\t\t\t\t<\/div>\n\t\t\t\t<\/div>\n\t\t<div class=\"elementor-element elementor-element-ce50825 e-con-full e-grid e-con e-child\" data-id=\"ce50825\" data-element_type=\"container\">\n\t\t\t\t<div class=\"elementor-element elementor-element-60103d6 elementor-widget elementor-widget-spacer\" data-id=\"60103d6\" data-element_type=\"widget\" data-widget_type=\"spacer.default\">\n\t\t\t\t<div class=\"elementor-widget-container\">\n\t\t\t\t\t\t\t<div class=\"elementor-spacer\">\n\t\t\t<div class=\"elementor-spacer-inner\"><\/div>\n\t\t<\/div>\n\t\t\t\t\t\t<\/div>\n\t\t\t\t<\/div>\n\t\t\t\t<div class=\"elementor-element elementor-element-554dac1 elementor-position-top elementor-widget elementor-widget-image-box\" data-id=\"554dac1\" data-element_type=\"widget\" data-widget_type=\"image-box.default\">\n\t\t\t\t<div class=\"elementor-widget-container\">\n\t\t\t\t\t<div class=\"elementor-image-box-wrapper\"><figure class=\"elementor-image-box-img\"><img loading=\"lazy\" decoding=\"async\" width=\"83\" height=\"88\" src=\"https:\/\/sonifish.org\/wp-content\/uploads\/2024\/05\/imageboxes-6.png\" class=\"attachment-full size-full wp-image-245\" alt=\"\" srcset=\"https:\/\/sonifish.org\/wp-content\/uploads\/2024\/05\/imageboxes-6.png 83w, https:\/\/sonifish.org\/wp-content\/uploads\/2024\/05\/imageboxes-6-11x12.png 11w\" sizes=\"(max-width: 83px) 100vw, 83px\" \/><\/figure><div class=\"elementor-image-box-content\"><h3 class=\"elementor-image-box-title\">OCTAPUS<\/h3><p class=\"elementor-image-box-description\">Experience the unique texture\nand taste of our expertly\nsourced octopus.<\/p><\/div><\/div>\t\t\t\t<\/div>\n\t\t\t\t<\/div>\n\t\t\t\t<div class=\"elementor-element elementor-element-8d9b2a6 elementor-widget__width-inherit elementor-position-top elementor-widget elementor-widget-image-box\" data-id=\"8d9b2a6\" data-element_type=\"widget\" data-widget_type=\"image-box.default\">\n\t\t\t\t<div class=\"elementor-widget-container\">\n\t\t\t\t\t<div class=\"elementor-image-box-wrapper\"><figure class=\"elementor-image-box-img\"><img loading=\"lazy\" decoding=\"async\" width=\"82\" height=\"86\" src=\"https:\/\/sonifish.org\/wp-content\/uploads\/2024\/05\/imageboxes-4.png\" class=\"attachment-full size-full wp-image-243\" alt=\"\" srcset=\"https:\/\/sonifish.org\/wp-content\/uploads\/2024\/05\/imageboxes-4.png 82w, https:\/\/sonifish.org\/wp-content\/uploads\/2024\/05\/imageboxes-4-11x12.png 11w\" sizes=\"(max-width: 82px) 100vw, 82px\" \/><\/figure><div class=\"elementor-image-box-content\"><h3 class=\"elementor-image-box-title\">SALMON<\/h3><p class=\"elementor-image-box-description\">A nutritious and delicious\noption, our salmon is perfect\nfor any meal.<\/p><\/div><\/div>\t\t\t\t<\/div>\n\t\t\t\t<\/div>\n\t\t\t\t<div class=\"elementor-element elementor-element-03464af elementor-widget elementor-widget-spacer\" data-id=\"03464af\" data-element_type=\"widget\" data-widget_type=\"spacer.default\">\n\t\t\t\t<div class=\"elementor-widget-container\">\n\t\t\t\t\t\t\t<div class=\"elementor-spacer\">\n\t\t\t<div class=\"elementor-spacer-inner\"><\/div>\n\t\t<\/div>\n\t\t\t\t\t\t<\/div>\n\t\t\t\t<\/div>\n\t\t\t\t<\/div>\n\t\t\t\t\t<\/div>\n\t\t\t\t<\/div>\n\t\t<div class=\"elementor-element elementor-element-a626ccc e-con-full e-flex e-con e-parent\" data-id=\"a626ccc\" data-element_type=\"container\" data-settings=\"{&quot;background_background&quot;:&quot;classic&quot;}\">\n\t\t\t\t<\/div>\n\t\t<div class=\"elementor-element elementor-element-32665dd elementor-hidden-desktop elementor-hidden-tablet e-flex e-con-boxed e-con e-parent\" data-id=\"32665dd\" data-element_type=\"container\" data-settings=\"{&quot;background_background&quot;:&quot;classic&quot;}\">\n\t\t\t\t\t<div class=\"e-con-inner\">\n\t\t\t\t\t<\/div>\n\t\t\t\t<\/div>\n\t\t<div class=\"elementor-element elementor-element-9d84a11 e-flex e-con-boxed e-con e-parent\" data-id=\"9d84a11\" data-element_type=\"container\" id=\"gallery\" data-settings=\"{&quot;background_background&quot;:&quot;classic&quot;}\">\n\t\t\t\t\t<div class=\"e-con-inner\">\n\t\t\t\t<div class=\"elementor-element elementor-element-e6bae66 elementor-widget__width-inherit elementor-widget-mobile__width-inherit elementor-widget elementor-widget-heading\" data-id=\"e6bae66\" data-element_type=\"widget\" data-widget_type=\"heading.default\">\n\t\t\t\t<div class=\"elementor-widget-container\">\n\t\t\t\t\t<h2 class=\"elementor-heading-title elementor-size-default\">Galeria<\/h2>\t\t\t\t<\/div>\n\t\t\t\t<\/div>\n\t\t\t\t<div class=\"elementor-element elementor-element-e4e8d3e elementor-arrows-position-inside elementor-widget elementor-widget-image-carousel\" data-id=\"e4e8d3e\" data-element_type=\"widget\" data-settings=\"{&quot;slides_to_show&quot;:&quot;4&quot;,&quot;slides_to_scroll&quot;:&quot;1&quot;,&quot;navigation&quot;:&quot;arrows&quot;,&quot;image_spacing_custom&quot;:{&quot;unit&quot;:&quot;px&quot;,&quot;size&quot;:30,&quot;sizes&quot;:[]},&quot;lazyload&quot;:&quot;yes&quot;,&quot;autoplay&quot;:&quot;yes&quot;,&quot;pause_on_hover&quot;:&quot;yes&quot;,&quot;pause_on_interaction&quot;:&quot;yes&quot;,&quot;autoplay_speed&quot;:5000,&quot;infinite&quot;:&quot;yes&quot;,&quot;speed&quot;:500,&quot;image_spacing_custom_tablet&quot;:{&quot;unit&quot;:&quot;px&quot;,&quot;size&quot;:&quot;&quot;,&quot;sizes&quot;:[]},&quot;image_spacing_custom_mobile&quot;:{&quot;unit&quot;:&quot;px&quot;,&quot;size&quot;:&quot;&quot;,&quot;sizes&quot;:[]}}\" data-widget_type=\"image-carousel.default\">\n\t\t\t\t<div class=\"elementor-widget-container\">\n\t\t\t\t\t\t\t<div class=\"elementor-image-carousel-wrapper swiper\" role=\"region\" aria-roledescription=\"carousel\" aria-label=\"Image Carousel\" dir=\"ltr\">\n\t\t\t<div class=\"elementor-image-carousel swiper-wrapper swiper-image-stretch\" aria-live=\"off\">\n\t\t\t\t\t\t\t\t<div class=\"swiper-slide\" role=\"group\" aria-roledescription=\"slide\" aria-label=\"1 of 5\"><figure class=\"swiper-slide-inner\"><img class=\"swiper-slide-image swiper-lazy\" data-src=\"https:\/\/sonifish.org\/wp-content\/uploads\/2024\/05\/gallery-images-1.jpg\" alt=\"gallery images (1)\" \/><div class=\"swiper-lazy-preloader\"><\/div><\/figure><\/div><div class=\"swiper-slide\" role=\"group\" aria-roledescription=\"slide\" aria-label=\"2 of 5\"><figure class=\"swiper-slide-inner\"><img class=\"swiper-slide-image swiper-lazy\" data-src=\"https:\/\/sonifish.org\/wp-content\/uploads\/2024\/05\/gallery-images-3.jpg\" alt=\"gallery images (3)\" \/><div class=\"swiper-lazy-preloader\"><\/div><\/figure><\/div><div class=\"swiper-slide\" role=\"group\" aria-roledescription=\"slide\" aria-label=\"3 of 5\"><figure class=\"swiper-slide-inner\"><img class=\"swiper-slide-image swiper-lazy\" data-src=\"https:\/\/sonifish.org\/wp-content\/uploads\/2024\/05\/gallery-images-5.jpg\" alt=\"gallery images (5)\" \/><div class=\"swiper-lazy-preloader\"><\/div><\/figure><\/div><div class=\"swiper-slide\" role=\"group\" aria-roledescription=\"slide\" aria-label=\"4 of 5\"><figure class=\"swiper-slide-inner\"><img class=\"swiper-slide-image swiper-lazy\" data-src=\"https:\/\/sonifish.org\/wp-content\/uploads\/2024\/05\/gallery-images-2.jpg\" alt=\"gallery images (2)\" \/><div class=\"swiper-lazy-preloader\"><\/div><\/figure><\/div><div class=\"swiper-slide\" role=\"group\" aria-roledescription=\"slide\" aria-label=\"5 of 5\"><figure class=\"swiper-slide-inner\"><img class=\"swiper-slide-image swiper-lazy\" data-src=\"https:\/\/sonifish.org\/wp-content\/uploads\/2024\/05\/gallery-images-4.jpg\" alt=\"gallery images (4)\" \/><div class=\"swiper-lazy-preloader\"><\/div><\/figure><\/div>\t\t\t<\/div>\n\t\t\t\t\t\t\t\t\t\t\t\t<div class=\"elementor-swiper-button elementor-swiper-button-prev\" role=\"button\" tabindex=\"0\">\n\t\t\t\t\t\t<svg xmlns=\"http:\/\/www.w3.org\/2000\/svg\" xmlns:xlink=\"http:\/\/www.w3.org\/1999\/xlink\" id=\"Layer_1\" x=\"0px\" y=\"0px\" width=\"101px\" height=\"16px\" viewbox=\"0 0 101 16\" style=\"enable-background:new 0 0 101 16;\" xml:space=\"preserve\"><style type=\"text\/css\">\t.st0{fill:#F7941D;}<\/style><path class=\"st0\" d=\"M0.3,7.3c-0.4,0.4-0.4,1,0,1.4l6.4,6.4c0.4,0.4,1,0.4,1.4,0c0.4-0.4,0.4-1,0-1.4L2.4,8l5.7-5.7 c0.4-0.4,0.4-1,0-1.4c-0.4-0.4-1-0.4-1.4,0L0.3,7.3z M101,7L1,7v2l100,0V7z\"><\/path><\/svg>\t\t\t\t\t<\/div>\n\t\t\t\t\t<div class=\"elementor-swiper-button elementor-swiper-button-next\" role=\"button\" tabindex=\"0\">\n\t\t\t\t\t\t<svg xmlns=\"http:\/\/www.w3.org\/2000\/svg\" xmlns:xlink=\"http:\/\/www.w3.org\/1999\/xlink\" id=\"Layer_1\" x=\"0px\" y=\"0px\" width=\"101px\" height=\"16px\" viewbox=\"0 0 101 16\" style=\"enable-background:new 0 0 101 16;\" xml:space=\"preserve\"><style type=\"text\/css\">\t.st0{fill:#F7941D;}<\/style><path class=\"st0\" d=\"M94.3,0.9c-0.4-0.4-1-0.4-1.4,0c-0.4,0.4-0.4,1,0,1.4L98.6,8l-5.7,5.7c-0.4,0.4-0.4,1,0,1.4s1,0.4,1.4,0 l6.4-6.4c0.4-0.4,0.4-1,0-1.4L94.3,0.9z M0,9l100,0V7L0,7L0,9z\"><\/path><\/svg>\t\t\t\t\t<\/div>\n\t\t\t\t\n\t\t\t\t\t\t\t\t\t<\/div>\n\t\t\t\t\t\t<\/div>\n\t\t\t\t<\/div>\n\t\t\t\t\t<\/div>\n\t\t\t\t<\/div>\n\t\t<div class=\"elementor-element elementor-element-55ca8c5 elementor-hidden-desktop elementor-hidden-tablet elementor-hidden-mobile e-flex e-con-boxed e-con e-parent\" data-id=\"55ca8c5\" data-element_type=\"container\" id=\"blog\" data-settings=\"{&quot;background_background&quot;:&quot;classic&quot;}\">\n\t\t\t\t\t<div class=\"e-con-inner\">\n\t\t\t\t<div class=\"elementor-element elementor-element-73f3b29 elementor-hidden-desktop elementor-hidden-tablet elementor-hidden-mobile elementor-widget elementor-widget-heading\" data-id=\"73f3b29\" data-element_type=\"widget\" data-widget_type=\"heading.default\">\n\t\t\t\t<div class=\"elementor-widget-container\">\n\t\t\t\t\t<h2 class=\"elementor-heading-title elementor-size-default\">Blog<\/h2>\t\t\t\t<\/div>\n\t\t\t\t<\/div>\n\t\t\t\t<div class=\"elementor-element elementor-element-b4f1377 dotss elementor-hidden-desktop elementor-hidden-tablet elementor-hidden-mobile elementor-pagination-type-bullets elementor-arrows-position-inside elementor-pagination-position-outside elementor-widget elementor-widget-loop-carousel\" data-id=\"b4f1377\" data-element_type=\"widget\" data-settings=\"{&quot;template_id&quot;:&quot;83&quot;,&quot;slides_to_show&quot;:&quot;2&quot;,&quot;image_spacing_custom&quot;:{&quot;unit&quot;:&quot;px&quot;,&quot;size&quot;:50,&quot;sizes&quot;:[]},&quot;_skin&quot;:&quot;post&quot;,&quot;slides_to_show_tablet&quot;:&quot;2&quot;,&quot;slides_to_show_mobile&quot;:&quot;1&quot;,&quot;slides_to_scroll&quot;:&quot;1&quot;,&quot;edit_handle_selector&quot;:&quot;.elementor-loop-container&quot;,&quot;autoplay&quot;:&quot;yes&quot;,&quot;autoplay_speed&quot;:5000,&quot;pause_on_hover&quot;:&quot;yes&quot;,&quot;pause_on_interaction&quot;:&quot;yes&quot;,&quot;infinite&quot;:&quot;yes&quot;,&quot;speed&quot;:500,&quot;offset_sides&quot;:&quot;none&quot;,&quot;arrows&quot;:&quot;yes&quot;,&quot;pagination&quot;:&quot;bullets&quot;,&quot;image_spacing_custom_tablet&quot;:{&quot;unit&quot;:&quot;px&quot;,&quot;size&quot;:&quot;&quot;,&quot;sizes&quot;:[]},&quot;image_spacing_custom_mobile&quot;:{&quot;unit&quot;:&quot;px&quot;,&quot;size&quot;:&quot;&quot;,&quot;sizes&quot;:[]}}\" data-widget_type=\"loop-carousel.post\">\n\t\t\t\t<div class=\"elementor-widget-container\">\n\t\t\t\t\t\t\t<div class=\"e-loop-nothing-found-message\">\n\t\t<\/div>\n\t\t\t\t\t\t<\/div>\n\t\t\t\t<\/div>\n\t\t\t\t\t<\/div>\n\t\t\t\t<\/div>\n\t\t\t\t<\/div>","protected":false},"excerpt":{"rendered":"<p>BOTa jON\u00cb n\u00cbnujoreKU CIL\u00cbSIA TAKOHET ME shijen RRETH NESH Mir\u00eb se vini n\u00eb Soni Fish, burimi juaj kryesor p\u00ebr peshkun m\u00eb t\u00eb fresk\u00ebt n\u00eb Tiran\u00eb q\u00eb nga viti 1995. Zhytuni n\u00eb bot\u00ebn ton\u00eb ku cil\u00ebsia takohet me tradit\u00ebn dhe zbuloni nj\u00eb shum\u00ebllojshm\u00ebri t\u00eb gjer\u00eb t\u00eb prodhimeve t\u00eb detit, t\u00eb gjitha t\u00eb zgjedhura me kujdes p\u00ebr [&hellip;]<\/p>","protected":false},"author":1,"featured_media":0,"parent":0,"menu_order":0,"comment_status":"closed","ping_status":"closed","template":"elementor_header_footer","meta":{"footnotes":""},"class_list":["post-9","page","type-page","status-publish","hentry"],"_links":{"self":[{"href":"https:\/\/sonifish.org\/en\/wp-json\/wp\/v2\/pages\/9","targetHints":{"allow":["GET"]}}],"collection":[{"href":"https:\/\/sonifish.org\/en\/wp-json\/wp\/v2\/pages"}],"about":[{"href":"https:\/\/sonifish.org\/en\/wp-json\/wp\/v2\/types\/page"}],"author":[{"embeddable":true,"href":"https:\/\/sonifish.org\/en\/wp-json\/wp\/v2\/users\/1"}],"replies":[{"embeddable":true,"href":"https:\/\/sonifish.org\/en\/wp-json\/wp\/v2\/comments?post=9"}],"version-history":[{"count":0,"href":"https:\/\/sonifish.org\/en\/wp-json\/wp\/v2\/pages\/9\/revisions"}],"wp:attachment":[{"href":"https:\/\/sonifish.org\/en\/wp-json\/wp\/v2\/media?parent=9"}],"curies":[{"name":"wp","href":"https:\/\/api.w.org\/{rel}","templated":true}]}}